{"id":52,"date":"2025-07-30T20:56:24","date_gmt":"2025-07-30T20:56:24","guid":{"rendered":"https:\/\/nextproelite.com\/?page_id=52"},"modified":"2025-08-03T21:56:56","modified_gmt":"2025-08-03T21:56:56","slug":"for-clubs-scouts","status":"publish","type":"page","link":"https:\/\/nextproelite.com\/es\/for-clubs-scouts\/","title":{"rendered":"Para clubes y scouts"},"content":{"rendered":"<h1>Para clubes y scouts<\/h1>\n<p>\u00bfEst\u00e1s buscando jugadores talentosos y listos para probar?<br \/>\n\u00bfQuieres construir una asociaci\u00f3n u obtener acceso a nuestra base de datos exclusiva de j\u00f3venes prospectos de \u00e9lite?<\/p>\n<hr \/>\n<h2>\u00bfPor qu\u00e9 asociarse con NextPro Elite?<\/h2>\n<ul>\n<li><strong>Acceso directo<\/strong> Para jugadores ambiciosos y preseleccionados de entre 15 y 22 a\u00f1os<\/li>\n<li><strong>Perfiles de jugadores<\/strong> Con videos destacados, estad\u00edsticas y referencias de entrenadores.<\/li>\n<li><strong>Recomendaciones personalizadas<\/strong> basado en las necesidades de tu club<\/li>\n<li><strong>Representaci\u00f3n confiable:<\/strong> Agente con licencia FIFA y alcance global<\/li>\n<\/ul>\n<hr \/>\n<h2>C\u00f3mo funciona<\/h2>\n<ol>\n<li><strong>Cont\u00e1ctanos<\/strong> con tus necesidades (edad, puesto, nacionalidad, timing)<\/li>\n<li>Te enviaremos <strong>CV de los jugadores, enlaces de v\u00eddeo y disponibilidad<\/strong><\/li>\n<li>Configuraci\u00f3n <strong>ensayos, evaluaciones o conversaciones de transferencia directa<\/strong><\/li>\n<li>Apoyo continuo para todas las partes: club, jugador, familia.<\/li>\n<\/ol>\n<hr \/>\n<h3>\u00bfListo para conectarse?<\/h3>\n<p><strong>Correo electr\u00f3nico:<\/strong> <a href=\"mailto:info@nextproelite.com\">info@nextproelite.com<\/a><br \/>\n<strong>WhatsApp:<\/strong> +1 973-874-3451<\/p>\n<p>O env\u00ede sus requisitos a continuaci\u00f3n:<\/p>\n<p><!-- Place your Club\/Scout Contact Form shortcode here --><\/p>\n<hr \/>","protected":false},"excerpt":{"rendered":"<p>Para clubes y ojeadores. \u00bfBuscas jugadores con talento y listos para probar? \u00bfQuieres colaborar o acceder a nuestra exclusiva base de datos de j\u00f3venes promesas de \u00e9lite? \u00bfPor qu\u00e9 asociarte con NextPro Elite? Acceso directo a jugadores ambiciosos y preseleccionados de entre 15 y 22 a\u00f1os. Perfiles de jugadores con videos de momentos destacados, estad\u00edsticas y referencias de entrenadores. Recomendaciones personalizadas seg\u00fan las necesidades de tu club.<\/p>","protected":false},"author":2,"featured_media":0,"parent":0,"menu_order":0,"comment_status":"closed","ping_status":"closed","template":"","meta":{"nf_dc_page":"","om_disable_all_campaigns":false,"_monsterinsights_skip_tracking":false,"_monsterinsights_sitenote_active":false,"_monsterinsights_sitenote_note":"","_monsterinsights_sitenote_category":0,"_kad_post_transparent":"","_kad_post_title":"hide","_kad_post_layout":"","_kad_post_sidebar_id":"","_kad_post_content_style":"","_kad_post_vertical_padding":"","_kad_post_feature":"","_kad_post_feature_position":"","_kad_post_header":false,"_kad_post_footer":false,"_kad_post_classname":"","footnotes":""},"class_list":["post-52","page","type-page","status-publish","hentry"],"yoast_head":"<!-- This site is optimized with the Yoast SEO plugin v27.4 - https:\/\/yoast.com\/product\/yoast-seo-wordpress\/ -->\n<title>For Clubs &amp; Scouts - Welcome<\/title>\n<meta name=\"robots\" content=\"index, follow, max-snippet:-1, max-image-preview:large, max-video-preview:-1\" \/>\n<link rel=\"canonical\" href=\"https:\/\/nextproelite.com\/es\/for-clubs-scouts\/\" \/>\n<meta property=\"og:locale\" content=\"es_ES\" \/>\n<meta property=\"og:type\" content=\"article\" \/>\n<meta property=\"og:title\" content=\"For Clubs &amp; Scouts - Welcome\" \/>\n<meta property=\"og:description\" content=\"For Clubs &amp; Scouts Are you seeking talented, trial-ready players? Want to build a partnership or get access to our exclusive database of elite youth prospects? Why Partner with NextPro Elite? Direct access to pre-screened, ambitious players aged 15\u201322 Player profiles with highlight videos, stats, and coach references Personalized recommendations based on your club\u2019s needs...\" \/>\n<meta property=\"og:url\" content=\"https:\/\/nextproelite.com\/es\/for-clubs-scouts\/\" \/>\n<meta property=\"og:site_name\" content=\"Welcome\" \/>\n<meta property=\"article:modified_time\" content=\"2025-08-03T21:56:56+00:00\" \/>\n<meta name=\"twitter:card\" content=\"summary_large_image\" \/>\n<meta name=\"twitter:label1\" content=\"Tiempo de lectura\" \/>\n\t<meta name=\"twitter:data1\" content=\"1 minuto\" \/>\n<script type=\"application\/ld+json\" class=\"yoast-schema-graph\">{\"@context\":\"https:\\\/\\\/schema.org\",\"@graph\":[{\"@type\":\"WebPage\",\"@id\":\"https:\\\/\\\/nextproelite.com\\\/for-clubs-scouts\\\/\",\"url\":\"https:\\\/\\\/nextproelite.com\\\/for-clubs-scouts\\\/\",\"name\":\"For Clubs &amp; Scouts - Welcome\",\"isPartOf\":{\"@id\":\"https:\\\/\\\/tzg.jem.mybluehost.me\\\/#website\"},\"datePublished\":\"2025-07-30T20:56:24+00:00\",\"dateModified\":\"2025-08-03T21:56:56+00:00\",\"breadcrumb\":{\"@id\":\"https:\\\/\\\/nextproelite.com\\\/for-clubs-scouts\\\/#breadcrumb\"},\"inLanguage\":\"es\",\"potentialAction\":[{\"@type\":\"ReadAction\",\"target\":[\"https:\\\/\\\/nextproelite.com\\\/for-clubs-scouts\\\/\"]}]},{\"@type\":\"BreadcrumbList\",\"@id\":\"https:\\\/\\\/nextproelite.com\\\/for-clubs-scouts\\\/#breadcrumb\",\"itemListElement\":[{\"@type\":\"ListItem\",\"position\":1,\"name\":\"Home\",\"item\":\"https:\\\/\\\/nextproelite.com\\\/\"},{\"@type\":\"ListItem\",\"position\":2,\"name\":\"For Clubs &amp; Scouts\"}]},{\"@type\":\"WebSite\",\"@id\":\"https:\\\/\\\/tzg.jem.mybluehost.me\\\/#website\",\"url\":\"https:\\\/\\\/tzg.jem.mybluehost.me\\\/\",\"name\":\"Welcome\",\"description\":\"\",\"publisher\":{\"@id\":\"https:\\\/\\\/tzg.jem.mybluehost.me\\\/#organization\"},\"potentialAction\":[{\"@type\":\"SearchAction\",\"target\":{\"@type\":\"EntryPoint\",\"urlTemplate\":\"https:\\\/\\\/tzg.jem.mybluehost.me\\\/?s={search_term_string}\"},\"query-input\":{\"@type\":\"PropertyValueSpecification\",\"valueRequired\":true,\"valueName\":\"search_term_string\"}}],\"inLanguage\":\"es\"},{\"@type\":\"Organization\",\"@id\":\"https:\\\/\\\/tzg.jem.mybluehost.me\\\/#organization\",\"name\":\"Welcome\",\"url\":\"https:\\\/\\\/tzg.jem.mybluehost.me\\\/\",\"logo\":{\"@type\":\"ImageObject\",\"inLanguage\":\"es\",\"@id\":\"https:\\\/\\\/tzg.jem.mybluehost.me\\\/#\\\/schema\\\/logo\\\/image\\\/\",\"url\":\"https:\\\/\\\/i0.wp.com\\\/nextproelite.com\\\/wp-content\\\/uploads\\\/2025\\\/08\\\/cropped-ChatGPT-Image-Aug-3-2025-12_09_53-PM.png?fit=708%2C864&ssl=1\",\"contentUrl\":\"https:\\\/\\\/i0.wp.com\\\/nextproelite.com\\\/wp-content\\\/uploads\\\/2025\\\/08\\\/cropped-ChatGPT-Image-Aug-3-2025-12_09_53-PM.png?fit=708%2C864&ssl=1\",\"width\":708,\"height\":864,\"caption\":\"Welcome\"},\"image\":{\"@id\":\"https:\\\/\\\/tzg.jem.mybluehost.me\\\/#\\\/schema\\\/logo\\\/image\\\/\"}}]}<\/script>\n<!-- \/ Yoast SEO plugin. -->","yoast_head_json":{"title":"Para Clubes y Scouts - Bienvenidos","robots":{"index":"index","follow":"follow","max-snippet":"max-snippet:-1","max-image-preview":"max-image-preview:large","max-video-preview":"max-video-preview:-1"},"canonical":"https:\/\/nextproelite.com\/es\/for-clubs-scouts\/","og_locale":"es_ES","og_type":"article","og_title":"For Clubs &amp; Scouts - Welcome","og_description":"For Clubs &amp; Scouts Are you seeking talented, trial-ready players? Want to build a partnership or get access to our exclusive database of elite youth prospects? Why Partner with NextPro Elite? Direct access to pre-screened, ambitious players aged 15\u201322 Player profiles with highlight videos, stats, and coach references Personalized recommendations based on your club\u2019s needs...","og_url":"https:\/\/nextproelite.com\/es\/for-clubs-scouts\/","og_site_name":"Welcome","article_modified_time":"2025-08-03T21:56:56+00:00","twitter_card":"summary_large_image","twitter_misc":{"Tiempo de lectura":"1 minuto"},"schema":{"@context":"https:\/\/schema.org","@graph":[{"@type":"WebPage","@id":"https:\/\/nextproelite.com\/for-clubs-scouts\/","url":"https:\/\/nextproelite.com\/for-clubs-scouts\/","name":"Para Clubes y Scouts - Bienvenidos","isPartOf":{"@id":"https:\/\/tzg.jem.mybluehost.me\/#website"},"datePublished":"2025-07-30T20:56:24+00:00","dateModified":"2025-08-03T21:56:56+00:00","breadcrumb":{"@id":"https:\/\/nextproelite.com\/for-clubs-scouts\/#breadcrumb"},"inLanguage":"es","potentialAction":[{"@type":"ReadAction","target":["https:\/\/nextproelite.com\/for-clubs-scouts\/"]}]},{"@type":"BreadcrumbList","@id":"https:\/\/nextproelite.com\/for-clubs-scouts\/#breadcrumb","itemListElement":[{"@type":"ListItem","position":1,"name":"Home","item":"https:\/\/nextproelite.com\/"},{"@type":"ListItem","position":2,"name":"For Clubs &amp; Scouts"}]},{"@type":"WebSite","@id":"https:\/\/tzg.jem.mybluehost.me\/#website","url":"https:\/\/tzg.jem.mybluehost.me\/","name":"Bienvenido","description":"","publisher":{"@id":"https:\/\/tzg.jem.mybluehost.me\/#organization"},"potentialAction":[{"@type":"SearchAction","target":{"@type":"EntryPoint","urlTemplate":"https:\/\/tzg.jem.mybluehost.me\/?s={search_term_string}"},"query-input":{"@type":"PropertyValueSpecification","valueRequired":true,"valueName":"search_term_string"}}],"inLanguage":"es"},{"@type":"Organization","@id":"https:\/\/tzg.jem.mybluehost.me\/#organization","name":"Bienvenido","url":"https:\/\/tzg.jem.mybluehost.me\/","logo":{"@type":"ImageObject","inLanguage":"es","@id":"https:\/\/tzg.jem.mybluehost.me\/#\/schema\/logo\/image\/","url":"https:\/\/i0.wp.com\/nextproelite.com\/wp-content\/uploads\/2025\/08\/cropped-ChatGPT-Image-Aug-3-2025-12_09_53-PM.png?fit=708%2C864&ssl=1","contentUrl":"https:\/\/i0.wp.com\/nextproelite.com\/wp-content\/uploads\/2025\/08\/cropped-ChatGPT-Image-Aug-3-2025-12_09_53-PM.png?fit=708%2C864&ssl=1","width":708,"height":864,"caption":"Welcome"},"image":{"@id":"https:\/\/tzg.jem.mybluehost.me\/#\/schema\/logo\/image\/"}}]}},"jetpack_sharing_enabled":true,"_links":{"self":[{"href":"https:\/\/nextproelite.com\/es\/wp-json\/wp\/v2\/pages\/52","targetHints":{"allow":["GET"]}}],"collection":[{"href":"https:\/\/nextproelite.com\/es\/wp-json\/wp\/v2\/pages"}],"about":[{"href":"https:\/\/nextproelite.com\/es\/wp-json\/wp\/v2\/types\/page"}],"author":[{"embeddable":true,"href":"https:\/\/nextproelite.com\/es\/wp-json\/wp\/v2\/users\/2"}],"replies":[{"embeddable":true,"href":"https:\/\/nextproelite.com\/es\/wp-json\/wp\/v2\/comments?post=52"}],"version-history":[{"count":6,"href":"https:\/\/nextproelite.com\/es\/wp-json\/wp\/v2\/pages\/52\/revisions"}],"predecessor-version":[{"id":195,"href":"https:\/\/nextproelite.com\/es\/wp-json\/wp\/v2\/pages\/52\/revisions\/195"}],"wp:attachment":[{"href":"https:\/\/nextproelite.com\/es\/wp-json\/wp\/v2\/media?parent=52"}],"curies":[{"name":"gracias","href":"https:\/\/api.w.org\/{rel}","templated":true}]}}