{"id":50,"date":"2025-07-30T20:52:52","date_gmt":"2025-07-30T20:52:52","guid":{"rendered":"https:\/\/nextproelite.com\/?page_id=50"},"modified":"2025-08-04T02:25:23","modified_gmt":"2025-08-04T02:25:23","slug":"contact","status":"publish","type":"page","link":"https:\/\/nextproelite.com\/es\/contact\/","title":{"rendered":"Contacto"},"content":{"rendered":"<h1>Contacte con NextPro Elite<\/h1>\n<p>\u00bfTienes preguntas? \u00bfListo para conectarte o colaborar con nosotros?<br \/>\nCont\u00e1ctanos en cualquier momento: \u00a1nos encantar\u00eda saber de ti!<\/p>\n<hr \/>\n<h2>\ud83d\udce7 Correo electr\u00f3nico<\/h2>\n<p><a href=\"mailto:info@nextproelite.com\">info@nextproelite.com<\/a><\/p>\n<h2>\u260e\ufe0f Tel\u00e9fono y WhatsApp<\/h2>\n<p>+1 973-874-3451<\/p>\n<h2>\ud83d\udccdDirecci\u00f3n de la oficina<\/h2>\n<p>971 US HIGHWAY 202N # 8176<br \/>\nBRANCHBURG, NJ 08876<br \/>\nEstados Unidos<\/p>\n<h2>Formulario de contacto r\u00e1pido<\/h2>\n<p><!-- Place your WPForms or other contact form shortcode here --><\/p>\n<p><strong>S\u00edganos:<\/strong> <a href=\"https:\/\/www.instagram.com\/nextproelite?igsh=MTY3em12czE0NzAzNw==\">Instagram<\/a> | <a href=\"https:\/\/www.linkedin.com\/in\/zizajkovski\/\" target=\"_blank\" rel=\"noopener\" style=\"color: #0a66c2; font-weight: bold;\">LinkedIn<\/a><\/p>\n<hr \/>","protected":false},"excerpt":{"rendered":"<p>Contacta con NextPro Elite \u00bfTienes preguntas? \u00bfListo para conectarte o colaborar con nosotros? \u00a1Cont\u00e1ctanos cuando quieras! Nos encantar\u00eda saber de ti. \ud83d\udce7 Correo electr\u00f3nico: info@nextproelite.com \u260e\ufe0f Tel\u00e9fono y WhatsApp: +1 973-874-3451 \ud83d\udccd Direcci\u00f3n de la oficina: 971 US HIGHWAY 202N # 8176 BRANCHBURG, NJ 08876, Estados Unidos. Formulario de contacto r\u00e1pido. S\u00edguenos en: Instagram | LinkedIn<\/p>","protected":false},"author":2,"featured_media":0,"parent":0,"menu_order":0,"comment_status":"closed","ping_status":"closed","template":"","meta":{"nf_dc_page":"","om_disable_all_campaigns":false,"_monsterinsights_skip_tracking":false,"_monsterinsights_sitenote_active":false,"_monsterinsights_sitenote_note":"","_monsterinsights_sitenote_category":0,"_kad_post_transparent":"","_kad_post_title":"hide","_kad_post_layout":"","_kad_post_sidebar_id":"","_kad_post_content_style":"","_kad_post_vertical_padding":"","_kad_post_feature":"","_kad_post_feature_position":"","_kad_post_header":false,"_kad_post_footer":false,"_kad_post_classname":"","footnotes":""},"class_list":["post-50","page","type-page","status-publish","hentry"],"yoast_head":"<!-- This site is optimized with the Yoast SEO plugin v27.4 - https:\/\/yoast.com\/product\/yoast-seo-wordpress\/ -->\n<title>Contact - Welcome<\/title>\n<meta name=\"robots\" content=\"index, follow, max-snippet:-1, max-image-preview:large, max-video-preview:-1\" \/>\n<link rel=\"canonical\" href=\"https:\/\/nextproelite.com\/es\/contact\/\" \/>\n<meta property=\"og:locale\" content=\"es_ES\" \/>\n<meta property=\"og:type\" content=\"article\" \/>\n<meta property=\"og:title\" content=\"Contact - Welcome\" \/>\n<meta property=\"og:description\" content=\"Contact NextPro Elite Have questions? Ready to connect or partner with us? Reach out anytime\u2014we\u2019d love to hear from you! \ud83d\udce7 Email info@nextproelite.com \u260e\ufe0f Phone &amp; WhatsApp +1 973-874-3451 \ud83d\udccd Office Address 971 US HIGHWAY 202N # 8176 BRANCHBURG, NJ 08876 United States Quick Contact Form Follow us: Instagram | LinkedIn\" \/>\n<meta property=\"og:url\" content=\"https:\/\/nextproelite.com\/es\/contact\/\" \/>\n<meta property=\"og:site_name\" content=\"Welcome\" \/>\n<meta property=\"article:modified_time\" content=\"2025-08-04T02:25:23+00:00\" \/>\n<meta name=\"twitter:card\" content=\"summary_large_image\" \/>\n<meta name=\"twitter:label1\" content=\"Tiempo de lectura\" \/>\n\t<meta name=\"twitter:data1\" content=\"1 minuto\" \/>\n<script type=\"application\/ld+json\" class=\"yoast-schema-graph\">{\"@context\":\"https:\\\/\\\/schema.org\",\"@graph\":[{\"@type\":\"WebPage\",\"@id\":\"https:\\\/\\\/nextproelite.com\\\/contact\\\/\",\"url\":\"https:\\\/\\\/nextproelite.com\\\/contact\\\/\",\"name\":\"Contact - Welcome\",\"isPartOf\":{\"@id\":\"https:\\\/\\\/tzg.jem.mybluehost.me\\\/#website\"},\"datePublished\":\"2025-07-30T20:52:52+00:00\",\"dateModified\":\"2025-08-04T02:25:23+00:00\",\"breadcrumb\":{\"@id\":\"https:\\\/\\\/nextproelite.com\\\/contact\\\/#breadcrumb\"},\"inLanguage\":\"es\",\"potentialAction\":[{\"@type\":\"ReadAction\",\"target\":[\"https:\\\/\\\/nextproelite.com\\\/contact\\\/\"]}]},{\"@type\":\"BreadcrumbList\",\"@id\":\"https:\\\/\\\/nextproelite.com\\\/contact\\\/#breadcrumb\",\"itemListElement\":[{\"@type\":\"ListItem\",\"position\":1,\"name\":\"Home\",\"item\":\"https:\\\/\\\/nextproelite.com\\\/\"},{\"@type\":\"ListItem\",\"position\":2,\"name\":\"Contact\"}]},{\"@type\":\"WebSite\",\"@id\":\"https:\\\/\\\/tzg.jem.mybluehost.me\\\/#website\",\"url\":\"https:\\\/\\\/tzg.jem.mybluehost.me\\\/\",\"name\":\"Welcome\",\"description\":\"\",\"publisher\":{\"@id\":\"https:\\\/\\\/tzg.jem.mybluehost.me\\\/#organization\"},\"potentialAction\":[{\"@type\":\"SearchAction\",\"target\":{\"@type\":\"EntryPoint\",\"urlTemplate\":\"https:\\\/\\\/tzg.jem.mybluehost.me\\\/?s={search_term_string}\"},\"query-input\":{\"@type\":\"PropertyValueSpecification\",\"valueRequired\":true,\"valueName\":\"search_term_string\"}}],\"inLanguage\":\"es\"},{\"@type\":\"Organization\",\"@id\":\"https:\\\/\\\/tzg.jem.mybluehost.me\\\/#organization\",\"name\":\"Welcome\",\"url\":\"https:\\\/\\\/tzg.jem.mybluehost.me\\\/\",\"logo\":{\"@type\":\"ImageObject\",\"inLanguage\":\"es\",\"@id\":\"https:\\\/\\\/tzg.jem.mybluehost.me\\\/#\\\/schema\\\/logo\\\/image\\\/\",\"url\":\"https:\\\/\\\/i0.wp.com\\\/nextproelite.com\\\/wp-content\\\/uploads\\\/2025\\\/08\\\/cropped-ChatGPT-Image-Aug-3-2025-12_09_53-PM.png?fit=708%2C864&ssl=1\",\"contentUrl\":\"https:\\\/\\\/i0.wp.com\\\/nextproelite.com\\\/wp-content\\\/uploads\\\/2025\\\/08\\\/cropped-ChatGPT-Image-Aug-3-2025-12_09_53-PM.png?fit=708%2C864&ssl=1\",\"width\":708,\"height\":864,\"caption\":\"Welcome\"},\"image\":{\"@id\":\"https:\\\/\\\/tzg.jem.mybluehost.me\\\/#\\\/schema\\\/logo\\\/image\\\/\"}}]}<\/script>\n<!-- \/ Yoast SEO plugin. -->","yoast_head_json":{"title":"Contact - Welcome","robots":{"index":"index","follow":"follow","max-snippet":"max-snippet:-1","max-image-preview":"max-image-preview:large","max-video-preview":"max-video-preview:-1"},"canonical":"https:\/\/nextproelite.com\/es\/contact\/","og_locale":"es_ES","og_type":"article","og_title":"Contact - Welcome","og_description":"Contact NextPro Elite Have questions? Ready to connect or partner with us? Reach out anytime\u2014we\u2019d love to hear from you! \ud83d\udce7 Email info@nextproelite.com \u260e\ufe0f Phone &amp; WhatsApp +1 973-874-3451 \ud83d\udccd Office Address 971 US HIGHWAY 202N # 8176 BRANCHBURG, NJ 08876 United States Quick Contact Form Follow us: Instagram | LinkedIn","og_url":"https:\/\/nextproelite.com\/es\/contact\/","og_site_name":"Welcome","article_modified_time":"2025-08-04T02:25:23+00:00","twitter_card":"summary_large_image","twitter_misc":{"Tiempo de lectura":"1 minuto"},"schema":{"@context":"https:\/\/schema.org","@graph":[{"@type":"WebPage","@id":"https:\/\/nextproelite.com\/contact\/","url":"https:\/\/nextproelite.com\/contact\/","name":"Contact - Welcome","isPartOf":{"@id":"https:\/\/tzg.jem.mybluehost.me\/#website"},"datePublished":"2025-07-30T20:52:52+00:00","dateModified":"2025-08-04T02:25:23+00:00","breadcrumb":{"@id":"https:\/\/nextproelite.com\/contact\/#breadcrumb"},"inLanguage":"es","potentialAction":[{"@type":"ReadAction","target":["https:\/\/nextproelite.com\/contact\/"]}]},{"@type":"BreadcrumbList","@id":"https:\/\/nextproelite.com\/contact\/#breadcrumb","itemListElement":[{"@type":"ListItem","position":1,"name":"Home","item":"https:\/\/nextproelite.com\/"},{"@type":"ListItem","position":2,"name":"Contact"}]},{"@type":"WebSite","@id":"https:\/\/tzg.jem.mybluehost.me\/#website","url":"https:\/\/tzg.jem.mybluehost.me\/","name":"Bienvenido","description":"","publisher":{"@id":"https:\/\/tzg.jem.mybluehost.me\/#organization"},"potentialAction":[{"@type":"SearchAction","target":{"@type":"EntryPoint","urlTemplate":"https:\/\/tzg.jem.mybluehost.me\/?s={search_term_string}"},"query-input":{"@type":"PropertyValueSpecification","valueRequired":true,"valueName":"search_term_string"}}],"inLanguage":"es"},{"@type":"Organization","@id":"https:\/\/tzg.jem.mybluehost.me\/#organization","name":"Bienvenido","url":"https:\/\/tzg.jem.mybluehost.me\/","logo":{"@type":"ImageObject","inLanguage":"es","@id":"https:\/\/tzg.jem.mybluehost.me\/#\/schema\/logo\/image\/","url":"https:\/\/i0.wp.com\/nextproelite.com\/wp-content\/uploads\/2025\/08\/cropped-ChatGPT-Image-Aug-3-2025-12_09_53-PM.png?fit=708%2C864&ssl=1","contentUrl":"https:\/\/i0.wp.com\/nextproelite.com\/wp-content\/uploads\/2025\/08\/cropped-ChatGPT-Image-Aug-3-2025-12_09_53-PM.png?fit=708%2C864&ssl=1","width":708,"height":864,"caption":"Welcome"},"image":{"@id":"https:\/\/tzg.jem.mybluehost.me\/#\/schema\/logo\/image\/"}}]}},"jetpack_sharing_enabled":true,"_links":{"self":[{"href":"https:\/\/nextproelite.com\/es\/wp-json\/wp\/v2\/pages\/50","targetHints":{"allow":["GET"]}}],"collection":[{"href":"https:\/\/nextproelite.com\/es\/wp-json\/wp\/v2\/pages"}],"about":[{"href":"https:\/\/nextproelite.com\/es\/wp-json\/wp\/v2\/types\/page"}],"author":[{"embeddable":true,"href":"https:\/\/nextproelite.com\/es\/wp-json\/wp\/v2\/users\/2"}],"replies":[{"embeddable":true,"href":"https:\/\/nextproelite.com\/es\/wp-json\/wp\/v2\/comments?post=50"}],"version-history":[{"count":8,"href":"https:\/\/nextproelite.com\/es\/wp-json\/wp\/v2\/pages\/50\/revisions"}],"predecessor-version":[{"id":210,"href":"https:\/\/nextproelite.com\/es\/wp-json\/wp\/v2\/pages\/50\/revisions\/210"}],"wp:attachment":[{"href":"https:\/\/nextproelite.com\/es\/wp-json\/wp\/v2\/media?parent=50"}],"curies":[{"name":"gracias","href":"https:\/\/api.w.org\/{rel}","templated":true}]}}