{"id":46,"date":"2025-07-30T18:22:31","date_gmt":"2025-07-30T18:22:31","guid":{"rendered":"https:\/\/nextproelite.com\/?page_id=46"},"modified":"2025-09-03T02:16:02","modified_gmt":"2025-09-03T02:16:02","slug":"player-registration","status":"publish","type":"page","link":"https:\/\/nextproelite.com\/es\/player-registration\/","title":{"rendered":"Registro de jugadores"},"content":{"rendered":"<h1>Player Registration<\/h1>\n<h2>Take the First Step Toward a Pro Career<\/h2>\n<p>Fill out the form below to join our agency\u2019s player database. All information is confidential and only shared with clubs or scouts for trial and recruitment purposes.<\/p>\n<style id=\"wpforms-css-vars-48\">\n\t\t\t\t#wpforms-48 {\n\t\t\t\t--wpforms-container-padding: 0px;\n--wpforms-container-border-width: 1px;\n--wpforms-container-border-radius: 3px;\n--wpforms-background-color: rgba(0, 0, 0, 0);\n--wpforms-field-size-input-height: 43px;\n--wpforms-field-size-input-spacing: 15px;\n--wpforms-field-size-font-size: 16px;\n--wpforms-field-size-line-height: 19px;\n--wpforms-field-size-padding-h: 14px;\n--wpforms-field-size-checkbox-size: 16px;\n--wpforms-field-size-sublabel-spacing: 5px;\n--wpforms-field-size-icon-size: 1;\n--wpforms-label-size-font-size: 16px;\n--wpforms-label-size-line-height: 19px;\n--wpforms-label-size-sublabel-font-size: 14px;\n--wpforms-label-size-sublabel-line-height: 17px;\n--wpforms-button-size-font-size: 17px;\n--wpforms-button-size-height: 41px;\n--wpforms-button-size-padding-h: 15px;\n--wpforms-button-size-margin-top: 10px;\n--wpforms-container-shadow-size-box-shadow: none;\n\t\t\t}\n\t\t\t<\/style><div class=\"wpforms-container wpforms-container-full wpforms-render-modern\" id=\"wpforms-48\"><form id=\"wpforms-form-48\" class=\"wpforms-validate wpforms-form wpforms-ajax-form\" data-formid=\"48\" method=\"post\" enctype=\"multipart\/form-data\" action=\"\/es\/wp-json\/wp\/v2\/pages\/46\" data-token=\"7e20455d6319e77fb4421a702c1198ae\" data-token-time=\"1776493663\"><noscript class=\"wpforms-error-noscript\">Por favor, activa JavaScript en tu navegador para completar este formulario.<\/noscript><div id=\"wpforms-error-noscript\" style=\"display: none;\">Por favor, activa JavaScript en tu navegador para completar este formulario.<\/div><div class=\"wpforms-field-container\"><div id=\"wpforms-48-field_16-container\" class=\"wpforms-field wpforms-field-name\" data-field-id=\"16\"><label class=\"wpforms-field-label\" for=\"wpforms-48-field_16\">Full Name (Required) <span class=\"wpforms-required-label\" aria-hidden=\"true\">*<\/span><\/label><input type=\"text\" id=\"wpforms-48-field_16\" class=\"wpforms-field-medium wpforms-field-required\" name=\"wpforms[fields][16]\" aria-errormessage=\"wpforms-48-field_16-error\" required><\/div><div id=\"wpforms-48-field_9-container\" class=\"wpforms-field wpforms-field-select wpforms-field-select-style-classic\" data-field-id=\"9\"><label class=\"wpforms-field-label\" for=\"wpforms-48-field_9\">Nationality (Required) <span class=\"wpforms-required-label\" aria-hidden=\"true\">*<\/span><\/label><select id=\"wpforms-48-field_9\" class=\"wpforms-field-medium wpforms-field-required\" name=\"wpforms[fields][9]\" required=\"required\"><option value=\"\" class=\"placeholder\" disabled  selected='selected'>--- Select Choice ---<\/option><option value=\"United States\"  class=\"choice-46 depth-1\"  >United States<\/option><option value=\"Albania\"  class=\"choice-1 depth-1\"  >Albania<\/option><option value=\"Andorra\"  class=\"choice-2 depth-1\"  >Andorra<\/option><option value=\"Austria\"  class=\"choice-3 depth-1\"  >Austria<\/option><option value=\"Belarus\"  class=\"choice-4 depth-1\"  >Belarus<\/option><option value=\"Belgium\"  class=\"choice-5 depth-1\"  >Belgium<\/option><option value=\"Bosnia and Herzegovina\"  class=\"choice-6 depth-1\"  >Bosnia and Herzegovina<\/option><option value=\"Bulgaria\"  class=\"choice-7 depth-1\"  >Bulgaria<\/option><option value=\"Croatia\"  class=\"choice-8 depth-1\"  >Croatia<\/option><option value=\"Cyprus\"  class=\"choice-9 depth-1\"  >Cyprus<\/option><option value=\"Czech Republic\"  class=\"choice-10 depth-1\"  >Czech Republic<\/option><option value=\"Denmark\"  class=\"choice-11 depth-1\"  >Denmark<\/option><option value=\"Estonia\"  class=\"choice-12 depth-1\"  >Estonia<\/option><option value=\"Finland\"  class=\"choice-13 depth-1\"  >Finland<\/option><option value=\"France\"  class=\"choice-14 depth-1\"  >France<\/option><option value=\"Germany\"  class=\"choice-15 depth-1\"  >Germany<\/option><option value=\"Greece\"  class=\"choice-16 depth-1\"  >Greece<\/option><option value=\"Hungary\"  class=\"choice-17 depth-1\"  >Hungary<\/option><option value=\"Iceland\"  class=\"choice-18 depth-1\"  >Iceland<\/option><option value=\"Ireland\"  class=\"choice-19 depth-1\"  >Ireland<\/option><option value=\"Italy\"  class=\"choice-20 depth-1\"  >Italy<\/option><option value=\"Kosovo\"  class=\"choice-21 depth-1\"  >Kosovo<\/option><option value=\"Latvia\"  class=\"choice-22 depth-1\"  >Latvia<\/option><option value=\"Liechtenstein\"  class=\"choice-23 depth-1\"  >Liechtenstein<\/option><option value=\"Lithuania\"  class=\"choice-24 depth-1\"  >Lithuania<\/option><option value=\"Luxembourg\"  class=\"choice-25 depth-1\"  >Luxembourg<\/option><option value=\"Macedonia\"  class=\"choice-31 depth-1\"  >Macedonia<\/option><option value=\"Malta\"  class=\"choice-26 depth-1\"  >Malta<\/option><option value=\"Moldova\"  class=\"choice-27 depth-1\"  >Moldova<\/option><option value=\"Monaco\"  class=\"choice-28 depth-1\"  >Monaco<\/option><option value=\"Montenegro\"  class=\"choice-29 depth-1\"  >Montenegro<\/option><option value=\"Netherlands\"  class=\"choice-30 depth-1\"  >Netherlands<\/option><option value=\"Norway\"  class=\"choice-32 depth-1\"  >Norway<\/option><option value=\"Poland\"  class=\"choice-33 depth-1\"  >Poland<\/option><option value=\"Portugal\"  class=\"choice-34 depth-1\"  >Portugal<\/option><option value=\"Romania\"  class=\"choice-35 depth-1\"  >Romania<\/option><option value=\"San Marino\"  class=\"choice-36 depth-1\"  >San Marino<\/option><option value=\"Serbia\"  class=\"choice-37 depth-1\"  >Serbia<\/option><option value=\"Slovakia\"  class=\"choice-38 depth-1\"  >Slovakia<\/option><option value=\"Slovenia\"  class=\"choice-39 depth-1\"  >Slovenia<\/option><option value=\"Spain\"  class=\"choice-40 depth-1\"  >Spain<\/option><option value=\"Sweden\"  class=\"choice-41 depth-1\"  >Sweden<\/option><option value=\"Switzerland\"  class=\"choice-42 depth-1\"  >Switzerland<\/option><option value=\"Ukraine\"  class=\"choice-43 depth-1\"  >Ukraine<\/option><option value=\"United Kingdom\"  class=\"choice-44 depth-1\"  >United Kingdom<\/option><option value=\"Vatican City\"  class=\"choice-45 depth-1\"  >Vatican City<\/option><option value=\"Other Countries\"  class=\"choice-47 depth-1\"  >Other Countries<\/option><\/select><\/div><div id=\"wpforms-48-field_2-container\" class=\"wpforms-field wpforms-field-text\" data-field-id=\"2\"><label class=\"wpforms-field-label\" for=\"wpforms-48-field_2\">Nationality if other or dual<\/label><input type=\"text\" id=\"wpforms-48-field_2\" class=\"wpforms-field-medium\" name=\"wpforms[fields][2]\" aria-errormessage=\"wpforms-48-field_2-error\" ><\/div>\t\t<div id=\"wpforms-48-field_1-container\"\n\t\t\tclass=\"wpforms-field wpforms-field-text\"\n\t\t\tdata-field-type=\"text\"\n\t\t\tdata-field-id=\"1\"\n\t\t\t>\n\t\t\t<label class=\"wpforms-field-label\" for=\"wpforms-48-field_1\" >Region Contact Nationality<\/label>\n\t\t\t<input type=\"text\" id=\"wpforms-48-field_1\" class=\"wpforms-field-medium\" name=\"wpforms[fields][1]\" >\n\t\t<\/div>\n\t\t<div id=\"wpforms-48-field_3-container\" class=\"wpforms-field wpforms-field-text\" data-field-id=\"3\"><label class=\"wpforms-field-label\" for=\"wpforms-48-field_3\">Date of Birth (MM\/DD\/YY) (Required) <span class=\"wpforms-required-label\" aria-hidden=\"true\">*<\/span><\/label><input type=\"text\" id=\"wpforms-48-field_3\" class=\"wpforms-field-medium wpforms-field-required\" name=\"wpforms[fields][3]\" aria-errormessage=\"wpforms-48-field_3-error\" required><\/div><div id=\"wpforms-48-field_4-container\" class=\"wpforms-field wpforms-field-text\" data-field-id=\"4\"><label class=\"wpforms-field-label\" for=\"wpforms-48-field_4\">Current Club\/Team <span class=\"wpforms-required-label\" aria-hidden=\"true\">*<\/span><\/label><input type=\"text\" id=\"wpforms-48-field_4\" class=\"wpforms-field-medium wpforms-field-required\" name=\"wpforms[fields][4]\" aria-errormessage=\"wpforms-48-field_4-error\" required><\/div><div id=\"wpforms-48-field_5-container\" class=\"wpforms-field wpforms-field-text\" data-field-id=\"5\"><label class=\"wpforms-field-label\" for=\"wpforms-48-field_5\">Position(s) Played (Required) <span class=\"wpforms-required-label\" aria-hidden=\"true\">*<\/span><\/label><input type=\"text\" id=\"wpforms-48-field_5\" class=\"wpforms-field-medium wpforms-field-required\" name=\"wpforms[fields][5]\" aria-errormessage=\"wpforms-48-field_5-error\" required><\/div><div id=\"wpforms-48-field_6-container\" class=\"wpforms-field wpforms-field-text\" data-field-id=\"6\"><label class=\"wpforms-field-label\" for=\"wpforms-48-field_6\">Height\/Weight<\/label><input type=\"text\" id=\"wpforms-48-field_6\" class=\"wpforms-field-medium\" name=\"wpforms[fields][6]\" aria-errormessage=\"wpforms-48-field_6-error\" ><\/div><div id=\"wpforms-48-field_8-container\" class=\"wpforms-field wpforms-field-select wpforms-field-select-style-classic\" data-field-id=\"8\"><label class=\"wpforms-field-label\" for=\"wpforms-48-field_8\">Preferred Foot<\/label><select id=\"wpforms-48-field_8\" class=\"wpforms-field-medium\" name=\"wpforms[fields][8]\"><option value=\"Right\"  class=\"choice-1 depth-1\"  >Right<\/option><option value=\"Left\"  class=\"choice-2 depth-1\"  >Left<\/option><option value=\"Both\"  class=\"choice-3 depth-1\"  >Both<\/option><\/select><\/div><div id=\"wpforms-48-field_11-container\" class=\"wpforms-field wpforms-field-email\" data-field-id=\"11\"><label class=\"wpforms-field-label\" for=\"wpforms-48-field_11\">Email <span class=\"wpforms-required-label\" aria-hidden=\"true\">*<\/span><\/label><input type=\"email\" id=\"wpforms-48-field_11\" class=\"wpforms-field-medium wpforms-field-required\" name=\"wpforms[fields][11]\" spellcheck=\"false\" aria-errormessage=\"wpforms-48-field_11-error\" required><\/div><div id=\"wpforms-48-field_14-container\" class=\"wpforms-field wpforms-field-text\" data-field-id=\"14\"><label class=\"wpforms-field-label\" for=\"wpforms-48-field_14\">Parent\/Guardian Name &amp; Contact (if under 18)<\/label><input type=\"text\" id=\"wpforms-48-field_14\" class=\"wpforms-field-medium\" name=\"wpforms[fields][14]\" aria-errormessage=\"wpforms-48-field_14-error\" ><\/div><div id=\"wpforms-48-field_12-container\" class=\"wpforms-field wpforms-field-select wpforms-field-select-style-classic\" data-field-id=\"12\"><label class=\"wpforms-field-label\" for=\"wpforms-48-field_12\">Region of interest<\/label><select id=\"wpforms-48-field_12\" class=\"wpforms-field-medium\" name=\"wpforms[fields][12]\"><option value=\"USA\"  class=\"choice-1 depth-1\"  >USA<\/option><option value=\"Balkans\"  class=\"choice-2 depth-1\"  >Balkans<\/option><option value=\"Scandinavia\"  class=\"choice-3 depth-1\"  >Scandinavia<\/option><option value=\"Central Europe\"  class=\"choice-4 depth-1\"  >Central Europe<\/option><option value=\"Other\"  class=\"choice-5 depth-1\"  >Other<\/option><\/select><\/div><div id=\"wpforms-48-field_18-container\" class=\"wpforms-field wpforms-field-text\" data-field-id=\"18\"><label class=\"wpforms-field-label\" for=\"wpforms-48-field_18\">Highlight Video Link (YouTube\/Vimeo) <span class=\"wpforms-required-label\" aria-hidden=\"true\">*<\/span><\/label><input type=\"text\" id=\"wpforms-48-field_18\" class=\"wpforms-field-medium wpforms-field-required\" name=\"wpforms[fields][18]\" aria-errormessage=\"wpforms-48-field_18-error\" required><\/div><div id=\"wpforms-48-field_13-container\" class=\"wpforms-field wpforms-field-checkbox\" data-field-id=\"13\"><fieldset><legend class=\"wpforms-field-label\"> <span class=\"wpforms-required-label\" aria-hidden=\"true\">*<\/span><\/legend><ul id=\"wpforms-48-field_13\" class=\"wpforms-field-required\"><li class=\"choice-1 depth-1\"><input type=\"checkbox\" id=\"wpforms-48-field_13_1\" name=\"wpforms[fields][13][]\" value=\"\u201cI agree to be contacted about opportunities and updates from NextPro Elite.\u201d (Required)\" aria-errormessage=\"wpforms-48-field_13_1-error\" required ><label class=\"wpforms-field-label-inline\" for=\"wpforms-48-field_13_1\">\u201cI agree to be contacted about opportunities and updates from NextPro Elite.\u201d (Required)<\/label><\/li><\/ul><\/fieldset><\/div><script>\n\t\t\t\t( function() {\n\t\t\t\t\tconst style = document.createElement( 'style' );\n\t\t\t\t\tstyle.appendChild( document.createTextNode( '#wpforms-48-field_1-container { position: absolute !important; overflow: hidden !important; display: inline !important; height: 1px !important; width: 1px !important; z-index: -1000 !important; padding: 0 !important; } #wpforms-48-field_1-container input { visibility: hidden; } #wpforms-conversational-form-page #wpforms-48-field_1-container label { counter-increment: none; }' ) );\n\t\t\t\t\tdocument.head.appendChild( style );\n\t\t\t\t\tdocument.currentScript?.remove();\n\t\t\t\t} )();\n\t\t\t<\/script><\/div><!-- .wpforms-field-container --><div class=\"wpforms-submit-container\" ><input type=\"hidden\" name=\"wpforms[id]\" value=\"48\"><input type=\"hidden\" name=\"page_title\" value=\"\"><input type=\"hidden\" name=\"page_url\" value=\"https:\/\/nextproelite.com\/es\/wp-json\/wp\/v2\/pages\/46\"><input type=\"hidden\" name=\"url_referer\" value=\"\"><button type=\"submit\" name=\"wpforms[submit]\" id=\"wpforms-submit-48\" class=\"wpforms-submit\" data-alt-text=\"Sending...\" data-submit-text=\"Submit\" aria-live=\"assertive\" value=\"wpforms-submit\">Submit<\/button><img loading=\"lazy\" decoding=\"async\" src=\"https:\/\/nextproelite.com\/wp-content\/plugins\/wpforms-lite\/assets\/images\/submit-spin.svg\" class=\"wpforms-submit-spinner\" style=\"display: none;\" width=\"26\" height=\"26\" alt=\"Cargando\"><\/div><\/form><\/div>  <!-- .wpforms-container -->\n<h3>What Happens Next?<\/h3>\n<ul>\n<li>Our team reviews your information and highlight video.<\/li>\n<li>If you are a fit for a club or trial, we\u2019ll contact you directly.<\/li>\n<li>You may also receive email updates about upcoming opportunities and showcase events.<\/li>\n<\/ul>\n<p><strong>Need help or have questions?<\/strong><br \/>\nEmail: <a href=\"mailto:info@nextproelite.com\">info@nextproelite.com<\/a> \u00b7 WhatsApp: +1 973-874-3451<\/p>\n","protected":false},"excerpt":{"rendered":"<p>Registro de Jugadores. Da el Primer Paso hacia una Carrera Profesional. Completa el formulario a continuaci\u00f3n para unirte a la base de datos de jugadores de nuestra agencia. Toda la informaci\u00f3n es confidencial y solo se comparte con clubes o cazatalentos para fines de prueba y reclutamiento. \u00bfQu\u00e9 sucede despu\u00e9s? Nuestro equipo revisa tu informaci\u00f3n y el video de tus momentos destacados. Si eres apto para\u2026<\/p>","protected":false},"author":2,"featured_media":0,"parent":0,"menu_order":0,"comment_status":"closed","ping_status":"closed","template":"","meta":{"nf_dc_page":"","om_disable_all_campaigns":false,"_monsterinsights_skip_tracking":false,"_monsterinsights_sitenote_active":false,"_monsterinsights_sitenote_note":"","_monsterinsights_sitenote_category":0,"_kad_post_transparent":"","_kad_post_title":"hide","_kad_post_layout":"","_kad_post_sidebar_id":"","_kad_post_content_style":"","_kad_post_vertical_padding":"","_kad_post_feature":"","_kad_post_feature_position":"","_kad_post_header":false,"_kad_post_footer":false,"_kad_post_classname":"","footnotes":""},"class_list":["post-46","page","type-page","status-publish","hentry"],"yoast_head":"<!-- This site is optimized with the Yoast SEO plugin v27.4 - https:\/\/yoast.com\/product\/yoast-seo-wordpress\/ -->\n<title>Player Registration - Welcome<\/title>\n<meta name=\"robots\" content=\"index, follow, max-snippet:-1, max-image-preview:large, max-video-preview:-1\" \/>\n<link rel=\"canonical\" href=\"https:\/\/nextproelite.com\/es\/player-registration\/\" \/>\n<meta property=\"og:locale\" content=\"es_ES\" \/>\n<meta property=\"og:type\" content=\"article\" \/>\n<meta property=\"og:title\" content=\"Player Registration - Welcome\" \/>\n<meta property=\"og:description\" content=\"Player Registration Take the First Step Toward a Pro Career Fill out the form below to join our agency\u2019s player database. All information is confidential and only shared with clubs or scouts for trial and recruitment purposes. What Happens Next? Our team reviews your information and highlight video. If you are a fit for a...\" \/>\n<meta property=\"og:url\" content=\"https:\/\/nextproelite.com\/es\/player-registration\/\" \/>\n<meta property=\"og:site_name\" content=\"Welcome\" \/>\n<meta property=\"article:modified_time\" content=\"2025-09-03T02:16:02+00:00\" \/>\n<meta name=\"twitter:card\" content=\"summary_large_image\" \/>\n<meta name=\"twitter:label1\" content=\"Tiempo de lectura\" \/>\n\t<meta name=\"twitter:data1\" content=\"1 minuto\" \/>\n<script type=\"application\/ld+json\" class=\"yoast-schema-graph\">{\"@context\":\"https:\\\/\\\/schema.org\",\"@graph\":[{\"@type\":\"WebPage\",\"@id\":\"https:\\\/\\\/nextproelite.com\\\/player-registration\\\/\",\"url\":\"https:\\\/\\\/nextproelite.com\\\/player-registration\\\/\",\"name\":\"Player Registration - Welcome\",\"isPartOf\":{\"@id\":\"https:\\\/\\\/tzg.jem.mybluehost.me\\\/#website\"},\"datePublished\":\"2025-07-30T18:22:31+00:00\",\"dateModified\":\"2025-09-03T02:16:02+00:00\",\"breadcrumb\":{\"@id\":\"https:\\\/\\\/nextproelite.com\\\/player-registration\\\/#breadcrumb\"},\"inLanguage\":\"es\",\"potentialAction\":[{\"@type\":\"ReadAction\",\"target\":[\"https:\\\/\\\/nextproelite.com\\\/player-registration\\\/\"]}]},{\"@type\":\"BreadcrumbList\",\"@id\":\"https:\\\/\\\/nextproelite.com\\\/player-registration\\\/#breadcrumb\",\"itemListElement\":[{\"@type\":\"ListItem\",\"position\":1,\"name\":\"Home\",\"item\":\"https:\\\/\\\/nextproelite.com\\\/\"},{\"@type\":\"ListItem\",\"position\":2,\"name\":\"Player Registration\"}]},{\"@type\":\"WebSite\",\"@id\":\"https:\\\/\\\/tzg.jem.mybluehost.me\\\/#website\",\"url\":\"https:\\\/\\\/tzg.jem.mybluehost.me\\\/\",\"name\":\"Welcome\",\"description\":\"\",\"publisher\":{\"@id\":\"https:\\\/\\\/tzg.jem.mybluehost.me\\\/#organization\"},\"potentialAction\":[{\"@type\":\"SearchAction\",\"target\":{\"@type\":\"EntryPoint\",\"urlTemplate\":\"https:\\\/\\\/tzg.jem.mybluehost.me\\\/?s={search_term_string}\"},\"query-input\":{\"@type\":\"PropertyValueSpecification\",\"valueRequired\":true,\"valueName\":\"search_term_string\"}}],\"inLanguage\":\"es\"},{\"@type\":\"Organization\",\"@id\":\"https:\\\/\\\/tzg.jem.mybluehost.me\\\/#organization\",\"name\":\"Welcome\",\"url\":\"https:\\\/\\\/tzg.jem.mybluehost.me\\\/\",\"logo\":{\"@type\":\"ImageObject\",\"inLanguage\":\"es\",\"@id\":\"https:\\\/\\\/tzg.jem.mybluehost.me\\\/#\\\/schema\\\/logo\\\/image\\\/\",\"url\":\"https:\\\/\\\/i0.wp.com\\\/nextproelite.com\\\/wp-content\\\/uploads\\\/2025\\\/08\\\/cropped-ChatGPT-Image-Aug-3-2025-12_09_53-PM.png?fit=708%2C864&ssl=1\",\"contentUrl\":\"https:\\\/\\\/i0.wp.com\\\/nextproelite.com\\\/wp-content\\\/uploads\\\/2025\\\/08\\\/cropped-ChatGPT-Image-Aug-3-2025-12_09_53-PM.png?fit=708%2C864&ssl=1\",\"width\":708,\"height\":864,\"caption\":\"Welcome\"},\"image\":{\"@id\":\"https:\\\/\\\/tzg.jem.mybluehost.me\\\/#\\\/schema\\\/logo\\\/image\\\/\"}}]}<\/script>\n<!-- \/ Yoast SEO plugin. -->","yoast_head_json":{"title":"Registro de Jugador - Bienvenido","robots":{"index":"index","follow":"follow","max-snippet":"max-snippet:-1","max-image-preview":"max-image-preview:large","max-video-preview":"max-video-preview:-1"},"canonical":"https:\/\/nextproelite.com\/es\/player-registration\/","og_locale":"es_ES","og_type":"article","og_title":"Player Registration - Welcome","og_description":"Player Registration Take the First Step Toward a Pro Career Fill out the form below to join our agency\u2019s player database. All information is confidential and only shared with clubs or scouts for trial and recruitment purposes. What Happens Next? Our team reviews your information and highlight video. If you are a fit for a...","og_url":"https:\/\/nextproelite.com\/es\/player-registration\/","og_site_name":"Welcome","article_modified_time":"2025-09-03T02:16:02+00:00","twitter_card":"summary_large_image","twitter_misc":{"Tiempo de lectura":"1 minuto"},"schema":{"@context":"https:\/\/schema.org","@graph":[{"@type":"WebPage","@id":"https:\/\/nextproelite.com\/player-registration\/","url":"https:\/\/nextproelite.com\/player-registration\/","name":"Registro de Jugador - Bienvenido","isPartOf":{"@id":"https:\/\/tzg.jem.mybluehost.me\/#website"},"datePublished":"2025-07-30T18:22:31+00:00","dateModified":"2025-09-03T02:16:02+00:00","breadcrumb":{"@id":"https:\/\/nextproelite.com\/player-registration\/#breadcrumb"},"inLanguage":"es","potentialAction":[{"@type":"ReadAction","target":["https:\/\/nextproelite.com\/player-registration\/"]}]},{"@type":"BreadcrumbList","@id":"https:\/\/nextproelite.com\/player-registration\/#breadcrumb","itemListElement":[{"@type":"ListItem","position":1,"name":"Home","item":"https:\/\/nextproelite.com\/"},{"@type":"ListItem","position":2,"name":"Player Registration"}]},{"@type":"WebSite","@id":"https:\/\/tzg.jem.mybluehost.me\/#website","url":"https:\/\/tzg.jem.mybluehost.me\/","name":"Bienvenido","description":"","publisher":{"@id":"https:\/\/tzg.jem.mybluehost.me\/#organization"},"potentialAction":[{"@type":"SearchAction","target":{"@type":"EntryPoint","urlTemplate":"https:\/\/tzg.jem.mybluehost.me\/?s={search_term_string}"},"query-input":{"@type":"PropertyValueSpecification","valueRequired":true,"valueName":"search_term_string"}}],"inLanguage":"es"},{"@type":"Organization","@id":"https:\/\/tzg.jem.mybluehost.me\/#organization","name":"Bienvenido","url":"https:\/\/tzg.jem.mybluehost.me\/","logo":{"@type":"ImageObject","inLanguage":"es","@id":"https:\/\/tzg.jem.mybluehost.me\/#\/schema\/logo\/image\/","url":"https:\/\/i0.wp.com\/nextproelite.com\/wp-content\/uploads\/2025\/08\/cropped-ChatGPT-Image-Aug-3-2025-12_09_53-PM.png?fit=708%2C864&ssl=1","contentUrl":"https:\/\/i0.wp.com\/nextproelite.com\/wp-content\/uploads\/2025\/08\/cropped-ChatGPT-Image-Aug-3-2025-12_09_53-PM.png?fit=708%2C864&ssl=1","width":708,"height":864,"caption":"Welcome"},"image":{"@id":"https:\/\/tzg.jem.mybluehost.me\/#\/schema\/logo\/image\/"}}]}},"jetpack_sharing_enabled":true,"_links":{"self":[{"href":"https:\/\/nextproelite.com\/es\/wp-json\/wp\/v2\/pages\/46","targetHints":{"allow":["GET"]}}],"collection":[{"href":"https:\/\/nextproelite.com\/es\/wp-json\/wp\/v2\/pages"}],"about":[{"href":"https:\/\/nextproelite.com\/es\/wp-json\/wp\/v2\/types\/page"}],"author":[{"embeddable":true,"href":"https:\/\/nextproelite.com\/es\/wp-json\/wp\/v2\/users\/2"}],"replies":[{"embeddable":true,"href":"https:\/\/nextproelite.com\/es\/wp-json\/wp\/v2\/comments?post=46"}],"version-history":[{"count":8,"href":"https:\/\/nextproelite.com\/es\/wp-json\/wp\/v2\/pages\/46\/revisions"}],"predecessor-version":[{"id":2115,"href":"https:\/\/nextproelite.com\/es\/wp-json\/wp\/v2\/pages\/46\/revisions\/2115"}],"wp:attachment":[{"href":"https:\/\/nextproelite.com\/es\/wp-json\/wp\/v2\/media?parent=46"}],"curies":[{"name":"gracias","href":"https:\/\/api.w.org\/{rel}","templated":true}]}}